{"id":24,"date":"2025-01-14T14:27:36","date_gmt":"2025-01-14T13:27:36","guid":{"rendered":"https:\/\/314570.peda.univ-lille.fr\/egide\/?page_id=24"},"modified":"2026-02-04T13:50:53","modified_gmt":"2026-02-04T12:50:53","slug":"partenaires","status":"publish","type":"page","link":"https:\/\/egide.univ-lille.fr\/?page_id=24","title":{"rendered":"Partenaires"},"content":{"rendered":"\n<div class=\"wp-block-cover alignfull is-light\" style=\"min-height:130px;aspect-ratio:unset;\"><img loading=\"lazy\" decoding=\"async\" width=\"1366\" height=\"768\" class=\"wp-block-cover__image-background wp-image-365\" alt=\"\" src=\"https:\/\/egide.univ-lille.fr\/wp-content\/uploads\/2025\/01\/Design-sans-titre-6-1.png\" data-object-fit=\"cover\" srcset=\"https:\/\/egide.univ-lille.fr\/wp-content\/uploads\/2025\/01\/Design-sans-titre-6-1.png 1366w, https:\/\/egide.univ-lille.fr\/wp-content\/uploads\/2025\/01\/Design-sans-titre-6-1-300x169.png 300w, https:\/\/egide.univ-lille.fr\/wp-content\/uploads\/2025\/01\/Design-sans-titre-6-1-1024x576.png 1024w, https:\/\/egide.univ-lille.fr\/wp-content\/uploads\/2025\/01\/Design-sans-titre-6-1-768x432.png 768w\" sizes=\"auto, (max-width: 1366px) 100vw, 1366px\" \/><span aria-hidden=\"true\" class=\"wp-block-cover__background has-background-dim\" style=\"background-color:#3aa68c\"><\/span><div class=\"wp-block-cover__inner-container is-layout-constrained wp-block-cover-is-layout-constrained\">\n<p class=\"has-text-align-center has-large-font-size\"><\/p>\n<\/div><\/div>\n\n\n\n<div class=\"wp-block-group alignwide is-layout-constrained wp-container-core-group-is-layout-3dead192 wp-block-group-is-layout-constrained\" style=\"margin-top:0;margin-bottom:0;padding-top:80px;padding-bottom:80px\">\n<div class=\"wp-block-columns alignwide is-layout-flex wp-container-core-columns-is-layout-9cf8123d wp-block-columns-is-layout-flex\">\n<div class=\"wp-block-column is-layout-flow wp-block-column-is-layout-flow\">\n<figure class=\"wp-block-image size-full\"><img loading=\"lazy\" decoding=\"async\" width=\"1000\" height=\"423\" src=\"https:\/\/egide.univ-lille.fr\/wp-content\/uploads\/2025\/01\/csm_Logo.sans_.baseline-Horizontal-CMJN-Noir_12d07ae56a.png\" alt=\"\" class=\"wp-image-336\" srcset=\"https:\/\/egide.univ-lille.fr\/wp-content\/uploads\/2025\/01\/csm_Logo.sans_.baseline-Horizontal-CMJN-Noir_12d07ae56a.png 1000w, https:\/\/egide.univ-lille.fr\/wp-content\/uploads\/2025\/01\/csm_Logo.sans_.baseline-Horizontal-CMJN-Noir_12d07ae56a-300x127.png 300w, https:\/\/egide.univ-lille.fr\/wp-content\/uploads\/2025\/01\/csm_Logo.sans_.baseline-Horizontal-CMJN-Noir_12d07ae56a-768x325.png 768w\" sizes=\"auto, (max-width: 1000px) 100vw, 1000px\" \/><\/figure>\n<\/div>\n\n\n\n<div class=\"wp-block-column is-vertically-aligned-center is-layout-flow wp-block-column-is-layout-flow\" style=\"padding-left:15px\">\n<h2 class=\"wp-block-heading has-text-color has-link-color has-cormorant-font-family wp-elements-44c0c60cdd89930181ce6b790fdd04e1\" style=\"color:#141e31;font-size:clamp(26.944px, 1.684rem + ((1vw - 3.2px) * 0.711), 46px);font-style:normal;font-weight:500;line-height:0.7\">L&rsquo;universit\u00e9 de Lille<\/h2>\n\n\n\n<p class=\"has-text-color has-link-color has-mulish-font-family wp-elements-27ff610b7767cde81135831d111185ea\" style=\"color:#3f3f3f;font-size:clamp(14px, 0.875rem + ((1vw - 3.2px) * 0.149), 18px);font-style:normal;font-weight:400\">L&rsquo;Universit\u00e9 de Lille est un grand \u00e9tablissement pluridisciplinaire des Hauts-de-France, accueillant plus de 80 000 \u00e9tudiants. Reconnue pour son excellence en recherche et son ouverture internationale, elle couvre des domaines vari\u00e9s allant des sciences aux sciences humaines.<\/p>\n\n\n\n<div class=\"wp-block-buttons is-layout-flex wp-block-buttons-is-layout-flex\">\n<div class=\"wp-block-button\"><a class=\"wp-block-button__link has-text-color has-background has-link-color has-mulish-font-family has-custom-font-size wp-element-button\" href=\"https:\/\/www.univ-lille.fr\" style=\"border-radius:0px;color:#ffffff;background-color:#1173c5;padding-top:10px;padding-right:30px;padding-bottom:10px;padding-left:30px;font-size:clamp(14px, 0.875rem + ((1vw - 3.2px) * 0.075), 16px);text-transform:uppercase\">aller sur le site<\/a><\/div>\n<\/div>\n<\/div>\n<\/div>\n\n\n\n<div class=\"wp-block-columns alignwide is-layout-flex wp-container-core-columns-is-layout-41d75851 wp-block-columns-is-layout-flex\" style=\"padding-top:80px;padding-bottom:80px\">\n<div class=\"wp-block-column is-vertically-aligned-center is-layout-flow wp-block-column-is-layout-flow\" style=\"padding-left:15px\">\n<h2 class=\"wp-block-heading has-text-color has-link-color has-cormorant-font-family wp-elements-33f623811603017bda9cdc71390a8c93\" style=\"color:#141e31;font-size:clamp(26.944px, 1.684rem + ((1vw - 3.2px) * 0.711), 46px);font-style:normal;font-weight:500;line-height:0.7\">Master GIDE<\/h2>\n\n\n\n<p class=\"has-text-color has-link-color has-mulish-font-family wp-elements-b9a2dc65b108c8d0b41382d24d44ca17\" style=\"color:#3f3f3f;font-size:clamp(14px, 0.875rem + ((1vw - 3.2px) * 0.149), 18px);font-style:normal;font-weight:400\">Le Master Gestion de l&rsquo;Information et du Document en Entreprise (GIDE) de l&rsquo;Universit\u00e9 de Lille forme des professionnels sp\u00e9cialis\u00e9s dans la gestion \u00e9lectronique des documents, le knowledge management et l&rsquo;archivistique. Cette formation pluridisciplinaire allie sciences de l&rsquo;information et technologies num\u00e9riques, pr\u00e9parant les \u00e9tudiants \u00e0 des carri\u00e8res vari\u00e9es dans le domaine de la gestion de l&rsquo;information.<\/p>\n\n\n\n<div class=\"wp-block-buttons is-layout-flex wp-block-buttons-is-layout-flex\">\n<div class=\"wp-block-button\"><a class=\"wp-block-button__link has-text-color has-background has-link-color has-mulish-font-family has-custom-font-size wp-element-button\" href=\"https:\/\/master-gide.univ-lille.fr\" style=\"border-radius:0px;color:#ffffff;background-color:#1173c5;padding-top:10px;padding-right:30px;padding-bottom:10px;padding-left:30px;font-size:clamp(14px, 0.875rem + ((1vw - 3.2px) * 0.075), 16px);text-transform:uppercase\">ALLER SUR LE SITE<\/a><\/div>\n<\/div>\n<\/div>\n\n\n\n<div class=\"wp-block-column is-layout-flow wp-block-column-is-layout-flow\">\n<figure class=\"wp-block-image size-full\"><img loading=\"lazy\" decoding=\"async\" width=\"400\" height=\"400\" src=\"https:\/\/egide.univ-lille.fr\/wp-content\/uploads\/2025\/01\/1681455507835.jpg\" alt=\"\" class=\"wp-image-338\" srcset=\"https:\/\/egide.univ-lille.fr\/wp-content\/uploads\/2025\/01\/1681455507835.jpg 400w, https:\/\/egide.univ-lille.fr\/wp-content\/uploads\/2025\/01\/1681455507835-300x300.jpg 300w, https:\/\/egide.univ-lille.fr\/wp-content\/uploads\/2025\/01\/1681455507835-150x150.jpg 150w\" sizes=\"auto, (max-width: 400px) 100vw, 400px\" \/><\/figure>\n<\/div>\n<\/div>\n\n\n\n<div class=\"wp-block-buttons is-layout-flex wp-block-buttons-is-layout-flex\"><\/div>\n\n\n\n<div class=\"wp-block-columns alignwide is-layout-flex wp-container-core-columns-is-layout-9cf8123d wp-block-columns-is-layout-flex\">\n<div class=\"wp-block-column is-layout-flow wp-block-column-is-layout-flow\">\n<figure class=\"wp-block-image size-full is-resized\"><img loading=\"lazy\" decoding=\"async\" width=\"474\" height=\"168\" src=\"https:\/\/egide.univ-lille.fr\/wp-content\/uploads\/2025\/11\/Adobe-Express-file.png\" alt=\"\" class=\"wp-image-571\" style=\"width:568px;height:auto\" srcset=\"https:\/\/egide.univ-lille.fr\/wp-content\/uploads\/2025\/11\/Adobe-Express-file.png 474w, https:\/\/egide.univ-lille.fr\/wp-content\/uploads\/2025\/11\/Adobe-Express-file-300x106.png 300w\" sizes=\"auto, (max-width: 474px) 100vw, 474px\" \/><\/figure>\n<\/div>\n\n\n\n<div class=\"wp-block-column is-vertically-aligned-center is-layout-flow wp-block-column-is-layout-flow\" style=\"padding-left:15px\">\n<h2 class=\"wp-block-heading has-text-color has-link-color has-cormorant-font-family wp-elements-86bb672cd827f9855252aa1ab67b83dc\" style=\"color:#141e31;font-size:clamp(26.944px, 1.684rem + ((1vw - 3.2px) * 0.711), 46px);font-style:normal;font-weight:500;line-height:0.7\">iSchools<\/h2>\n\n\n\n<p class=\"has-text-color has-link-color has-mulish-font-family wp-elements-aed482129881d30c009dacbe15ab9eac\" style=\"color:#3f3f3f;font-size:clamp(14px, 0.875rem + ((1vw - 3.2px) * 0.149), 18px);font-style:normal;font-weight:400\">Les iSchools forment une organisation internationale regroupant plus de 120 universit\u00e9s, toutes partageant un int\u00e9r\u00eat commun pour la recherche et l&rsquo;enseignement autour de l&rsquo;information. Cette approche interdisciplinaire englobe des domaines tels que la science des donn\u00e9es, l&rsquo;interaction homme-machine, l&rsquo;organisation et l&rsquo;acc\u00e8s \u00e0 l&rsquo;information, la bibliom\u00e9trie et l&rsquo;int\u00e9grit\u00e9 de l&rsquo;information. Les iSchools mettent l&rsquo;accent sur l&rsquo;importance de la compr\u00e9hension de l&rsquo;information par les \u00eatres humains et les machines, en s&rsquo;appuyant sur les sciences sociales et comportementales, ainsi que sur l&rsquo;informatique, l&rsquo;intelligence artificielle et la linguistique.<\/p>\n\n\n\n<div class=\"wp-block-buttons is-layout-flex wp-block-buttons-is-layout-flex\">\n<div class=\"wp-block-button\"><a class=\"wp-block-button__link has-text-color has-background has-link-color has-mulish-font-family has-custom-font-size wp-element-button\" href=\"https:\/\/www.ischools.org\" style=\"border-radius:0px;color:#ffffff;background-color:#1173c5;padding-top:10px;padding-right:30px;padding-bottom:10px;padding-left:30px;font-size:clamp(14px, 0.875rem + ((1vw - 3.2px) * 0.075), 16px);text-transform:uppercase\">aller sur le site<\/a><\/div>\n<\/div>\n<\/div>\n<\/div>\n\n\n\n<div class=\"wp-block-columns alignwide is-layout-flex wp-container-core-columns-is-layout-9cf8123d wp-block-columns-is-layout-flex\">\n<div class=\"wp-block-column is-layout-flow wp-block-column-is-layout-flow\">\n<figure class=\"wp-block-image size-full\"><img loading=\"lazy\" decoding=\"async\" width=\"749\" height=\"426\" src=\"https:\/\/egide.univ-lille.fr\/wp-content\/uploads\/2025\/11\/Capture-decran-2025-11-30-183212-3.png\" alt=\"\" class=\"wp-image-569\" srcset=\"https:\/\/egide.univ-lille.fr\/wp-content\/uploads\/2025\/11\/Capture-decran-2025-11-30-183212-3.png 749w, https:\/\/egide.univ-lille.fr\/wp-content\/uploads\/2025\/11\/Capture-decran-2025-11-30-183212-3-300x171.png 300w\" sizes=\"auto, (max-width: 749px) 100vw, 749px\" \/><\/figure>\n<\/div>\n\n\n\n<div class=\"wp-block-column is-vertically-aligned-center is-layout-flow wp-block-column-is-layout-flow\" style=\"padding-left:15px\">\n<h2 class=\"wp-block-heading has-text-color has-link-color has-cormorant-font-family wp-elements-294ffc06d5d57c8b59643392187eead4\" style=\"color:#141e31;font-size:clamp(26.944px, 1.684rem + ((1vw - 3.2px) * 0.711), 46px);font-style:normal;font-weight:500;line-height:0.7\">LILLIAD Learning center innovation<\/h2>\n\n\n\n<p class=\"has-text-color has-link-color has-mulish-font-family wp-elements-17feb71fe00b05ec14bfc6e9caea02f0\" style=\"color:#3f3f3f;font-size:clamp(14px, 0.875rem + ((1vw - 3.2px) * 0.149), 18px);font-style:normal;font-weight:400\">LILLIAD Learning Center Innovation est un espace d\u00e9di\u00e9 \u00e0 l&rsquo;apprentissage et \u00e0 l&rsquo;innovation au sein de l&rsquo;Universit\u00e9 de Lille. Il propose 50 salles de travail pour des groupes de 1 \u00e0 20 personnes, deux amphith\u00e9\u00e2tres de 292 et 110 places, deux salles de commission de 40 places, une salle d&rsquo;innovation p\u00e9dagogique appel\u00e9e salle Y, ainsi qu&rsquo;un espace caf\u00e9-restauration nomm\u00e9 le 3,14. Ces installations offrent un environnement propice au travail individuel et collaboratif, \u00e0 l&rsquo;organisation d&rsquo;\u00e9v\u00e9nements scientifiques et \u00e0 la promotion de l&rsquo;innovation<\/p>\n\n\n\n<div class=\"wp-block-buttons is-layout-flex wp-block-buttons-is-layout-flex\">\n<div class=\"wp-block-button\"><a class=\"wp-block-button__link has-text-color has-background has-link-color has-mulish-font-family has-custom-font-size wp-element-button\" href=\"https:\/\/lilliad.univ-lille.fr\" style=\"border-radius:0px;color:#ffffff;background-color:#1173c5;padding-top:10px;padding-right:30px;padding-bottom:10px;padding-left:30px;font-size:clamp(14px, 0.875rem + ((1vw - 3.2px) * 0.075), 16px);text-transform:uppercase\">aller sur le site<\/a><\/div>\n<\/div>\n<\/div>\n<\/div>\n\n\n\n<div class=\"wp-block-columns alignwide is-layout-flex wp-container-core-columns-is-layout-3fe1720b wp-block-columns-is-layout-flex\" style=\"padding-top:80px;padding-bottom:0px\">\n<div class=\"wp-block-column is-vertically-aligned-center is-layout-flow wp-block-column-is-layout-flow\" style=\"padding-left:15px\">\n<h2 class=\"wp-block-heading has-text-color has-link-color has-cormorant-font-family wp-elements-ca9c1018ecb46296db0f64ff4b86d322\" style=\"color:#141e31;font-size:clamp(26.944px, 1.684rem + ((1vw - 3.2px) * 0.711), 46px);font-style:normal;font-weight:500;line-height:0.7\">Archimag<\/h2>\n\n\n\n<p class=\"has-text-color has-link-color has-mulish-font-family wp-elements-ae717ed880b9bc5e90522352ea36870e\" style=\"color:#3f3f3f;font-size:clamp(14px, 0.875rem + ((1vw - 3.2px) * 0.149), 18px);font-style:normal;font-weight:400\">Fond\u00e9 en&nbsp;1985, le magazine&nbsp;Archimag&nbsp;\u00e9dit\u00e9 par la soci\u00e9t\u00e9 IDP (Information Documentation Presse)&nbsp;est le p\u00e9riodique de r\u00e9f\u00e9rence pour&nbsp;les&nbsp;professionnels de l\u2019information-documentation. Le magazine fait parti du groupe Serda Archimag qui est engag\u00e9 dans le&nbsp;d\u00e9veloppement durable avec son mod\u00e8le de permaentreprise.&nbsp;<\/p>\n\n\n\n<div class=\"wp-block-buttons is-layout-flex wp-block-buttons-is-layout-flex\">\n<div class=\"wp-block-button\"><a class=\"wp-block-button__link has-text-color has-background has-link-color has-mulish-font-family has-custom-font-size wp-element-button\" href=\"https:\/\/www.archimag.com\" style=\"border-radius:0px;color:#ffffff;background-color:#1173c5;padding-top:10px;padding-right:30px;padding-bottom:10px;padding-left:30px;font-size:clamp(14px, 0.875rem + ((1vw - 3.2px) * 0.075), 16px);text-transform:uppercase\">ALLER SUR LE SITE<\/a><\/div>\n<\/div>\n<\/div>\n\n\n\n<div class=\"wp-block-column is-layout-flow wp-block-column-is-layout-flow\">\n<figure class=\"wp-block-image size-full\"><img loading=\"lazy\" decoding=\"async\" width=\"500\" height=\"500\" src=\"https:\/\/egide.univ-lille.fr\/wp-content\/uploads\/2025\/01\/64bfc3f4dac0b4471d679eff_Archimag-1.png\" alt=\"\" class=\"wp-image-117\" style=\"aspect-ratio:1;object-fit:cover\" srcset=\"https:\/\/egide.univ-lille.fr\/wp-content\/uploads\/2025\/01\/64bfc3f4dac0b4471d679eff_Archimag-1.png 500w, https:\/\/egide.univ-lille.fr\/wp-content\/uploads\/2025\/01\/64bfc3f4dac0b4471d679eff_Archimag-1-300x300.png 300w, https:\/\/egide.univ-lille.fr\/wp-content\/uploads\/2025\/01\/64bfc3f4dac0b4471d679eff_Archimag-1-150x150.png 150w\" sizes=\"auto, (max-width: 500px) 100vw, 500px\" \/><\/figure>\n<\/div>\n<\/div>\n\n\n\n<div class=\"wp-block-columns is-layout-flex wp-container-core-columns-is-layout-28f84493 wp-block-columns-is-layout-flex\">\n<div class=\"wp-block-column is-layout-flow wp-block-column-is-layout-flow\">\n<figure class=\"wp-block-image size-full\"><img loading=\"lazy\" decoding=\"async\" width=\"1024\" height=\"768\" src=\"https:\/\/egide.univ-lille.fr\/wp-content\/uploads\/2026\/02\/6-1.png\" alt=\"\" class=\"wp-image-929\" srcset=\"https:\/\/egide.univ-lille.fr\/wp-content\/uploads\/2026\/02\/6-1.png 1024w, https:\/\/egide.univ-lille.fr\/wp-content\/uploads\/2026\/02\/6-1-300x225.png 300w, https:\/\/egide.univ-lille.fr\/wp-content\/uploads\/2026\/02\/6-1-768x576.png 768w\" sizes=\"auto, (max-width: 1024px) 100vw, 1024px\" \/><\/figure>\n<\/div>\n\n\n\n<div class=\"wp-block-column is-layout-flow wp-block-column-is-layout-flow\">\n<p class=\"has-text-align-center\"><strong>Enedis <\/strong><\/p>\n\n\n\n<p class=\"has-text-align-left\">Fond\u00e9e en 2008, Enedis est le gestionnaire du r\u00e9seau public de distribution d\u2019\u00e9lectricit\u00e9 en France. Filiale \u00e0 100 % du groupe EDF, l\u2019entreprise exploite, entretient et modernise le r\u00e9seau \u00e9lectrique pour plus de 37 millions de clients, tout en accompagnant la transition \u00e9nerg\u00e9tique, le d\u00e9veloppement des \u00e9nergies renouvelables et des r\u00e9seaux intelligents.<br><strong><br><\/strong><\/p>\n\n\n\n<div class=\"wp-block-buttons is-layout-flex wp-block-buttons-is-layout-flex\">\n<div class=\"wp-block-button\"><a class=\"wp-block-button__link wp-element-button\" href=\"https:\/\/www.enedis.fr\/\">Allez sur le site <\/a><\/div>\n<\/div>\n<\/div>\n<\/div>\n<\/div>\n\n\n\n<p><\/p>\n","protected":false},"excerpt":{"rendered":"<p>L&rsquo;universit\u00e9 de Lille L&rsquo;Universit\u00e9 de Lille est un grand \u00e9tablissement pluridisciplinaire des Hauts-de-France, accueillant plus de 80 000 \u00e9tudiants. Reconnue pour son excellence en recherche et son ouverture internationale, elle couvre des domaines vari\u00e9s allant des sciences aux sciences humaines. Master GIDE Le Master Gestion de l&rsquo;Information et du Document en Entreprise (GIDE) de l&rsquo;Universit\u00e9 [&hellip;]<\/p>\n","protected":false},"author":1,"featured_media":0,"parent":0,"menu_order":0,"comment_status":"closed","ping_status":"closed","template":"","meta":{"footnotes":""},"class_list":["post-24","page","type-page","status-publish","hentry"],"_links":{"self":[{"href":"https:\/\/egide.univ-lille.fr\/index.php?rest_route=\/wp\/v2\/pages\/24","targetHints":{"allow":["GET"]}}],"collection":[{"href":"https:\/\/egide.univ-lille.fr\/index.php?rest_route=\/wp\/v2\/pages"}],"about":[{"href":"https:\/\/egide.univ-lille.fr\/index.php?rest_route=\/wp\/v2\/types\/page"}],"author":[{"embeddable":true,"href":"https:\/\/egide.univ-lille.fr\/index.php?rest_route=\/wp\/v2\/users\/1"}],"replies":[{"embeddable":true,"href":"https:\/\/egide.univ-lille.fr\/index.php?rest_route=%2Fwp%2Fv2%2Fcomments&post=24"}],"version-history":[{"count":12,"href":"https:\/\/egide.univ-lille.fr\/index.php?rest_route=\/wp\/v2\/pages\/24\/revisions"}],"predecessor-version":[{"id":930,"href":"https:\/\/egide.univ-lille.fr\/index.php?rest_route=\/wp\/v2\/pages\/24\/revisions\/930"}],"wp:attachment":[{"href":"https:\/\/egide.univ-lille.fr\/index.php?rest_route=%2Fwp%2Fv2%2Fmedia&parent=24"}],"curies":[{"name":"wp","href":"https:\/\/api.w.org\/{rel}","templated":true}]}}