{"id":22,"date":"2025-01-14T14:27:15","date_gmt":"2025-01-14T13:27:15","guid":{"rendered":"https:\/\/314570.peda.univ-lille.fr\/egide\/?page_id=22"},"modified":"2026-03-12T19:43:10","modified_gmt":"2026-03-12T18:43:10","slug":"programme-2","status":"publish","type":"page","link":"https:\/\/egide.univ-lille.fr\/?page_id=22","title":{"rendered":"Programme"},"content":{"rendered":"\n<div class=\"wp-block-cover is-light has-parallax\" style=\"min-height:1515px;aspect-ratio:unset;\"><div class=\"wp-block-cover__image-background wp-image-777 size-full has-parallax\" style=\"background-position:50% 50%;background-image:url(https:\/\/egide.univ-lille.fr\/wp-content\/uploads\/2025\/12\/books-1842306_960_720.jpg)\"><\/div><span aria-hidden=\"true\" class=\"wp-block-cover__background has-background-dim-60 has-background-dim\" style=\"background-color:#d7d7d7\"><\/span><div class=\"wp-block-cover__inner-container is-layout-constrained wp-block-cover-is-layout-constrained\">\n<div style=\"margin-top:0;margin-bottom:0;height:0px\" aria-hidden=\"true\" class=\"wp-block-spacer\"><\/div>\n\n\n\n<h2 class=\"wp-block-heading has-text-align-center has-moderate-font-size\">Programme de la journ\u00e9e<\/h2>\n\n\n\n<div style=\"height:57px\" aria-hidden=\"true\" class=\"wp-block-spacer\"><\/div>\n\n\n\n<h2 class=\"wp-block-heading has-medium-font-size\" style=\"border-width:3px\">Matin\u00e9e<\/h2>\n\n\n\n<ul class=\"wp-block-list\">\n<li class=\"has-medium-font-size\" style=\"border-style:none;border-width:0px;line-height:2\"><mark style=\"background-color:#abb8c3\" class=\"has-inline-color has-three-color\"><strong>9H00 &#8211; 9H20 <\/strong><mark style=\"background-color:#91a4a3c2\" class=\"has-inline-color has-three-color\"><\/mark>:<mark style=\"background-color:#91a4a3c2\" class=\"has-inline-color\"><\/mark><\/mark><mark style=\"background-color:rgba(0, 0, 0, 0)\" class=\"has-inline-color has-three-color\"> <\/mark><mark style=\"background-color:rgba(0, 0, 0, 0);color:#000000\" class=\"has-inline-color\">Ouverture des portes \/ Accueil du public<\/mark><\/li>\n\n\n\n<li class=\"has-medium-font-size\" style=\"line-height:2\"><mark style=\"background-color:#abb8c3\" class=\"has-inline-color has-three-color\"><strong>9h30 \u2013 9h45<\/strong> :<\/mark> Ouverture de la journ\u00e9e &#8211; Accueil et Pr\u00e9sentation<\/li>\n\n\n\n<li class=\"has-medium-font-size\" style=\"line-height:2\"><mark style=\"background-color:#abb8c3\" class=\"has-inline-color has-three-color\"><strong>9h45 \u2013 10h25<\/strong> <mark style=\"background-color:#91a4a3c2\" class=\"has-inline-color\"><\/mark>:<mark style=\"background-color:#abb7c2a6\" class=\"has-inline-color\"><\/mark> <strong>Mme. Sophie C\u0153ur\u00e9<\/strong><\/mark><mark style=\"background-color:rgba(0, 0, 0, 0)\" class=\"has-inline-color has-three-color\"><mark style=\"background-color:#abb7c2a6\" class=\"has-inline-color\"><\/mark><\/mark>                                                                                                                                  <strong>Professeure des Universit\u00e9s en histoire contemporaine &#8211; Universit\u00e9 Paris Cit\u00e9 &#8211; Paris<\/strong><em>                                  \u00ab\u00a0Les circulations et restitutions d\u2019archives et de livres spoli\u00e9s en France pendant la Seconde Guerre mondiale<\/em><\/li>\n\n\n\n<li class=\"has-medium-font-size\" style=\"line-height:2\"><strong><mark style=\"background-color:#abb8c3\" class=\"has-inline-color has-three-color\">10h15 \u2013 10h45 : <mark style=\"background-color:rgba(0, 0, 0, 0)\" class=\"has-inline-color has-three-color\"><\/mark>Mme. Val\u00e9rie Louison-Oudot<\/mark><\/strong><mark style=\"background-color:#00000000\" class=\"has-inline-color\"> <\/mark>                                                                                                                   <strong>Cheffe de projet Coop\u00e9ration r\u00e9gionale \u2013 BNF &#8211; Paris<\/strong>                                                                                        <em>Projet de coop\u00e9ration num\u00e9rique : les enjeux d\u2019une action collective au service de la constitution et de l\u2019acc\u00e8s \u00e0 des corpus de presse ancienne de r\u00e9f\u00e9rence dans Gallica<\/em><\/li>\n\n\n\n<li><mark style=\"background-color:#00000000\" class=\"has-inline-color\">10h45 &#8211; 11h00 :<\/mark> <strong>Pause Caf\u00e9<\/strong><\/li>\n\n\n\n<li class=\"has-medium-font-size\" style=\"line-height:2\"><mark style=\"background-color:#abb8c3\" class=\"has-inline-color has-three-color\"><strong>11h00 \u2013 11h40 <\/strong>: <strong>M. C\u00e9dric Limousin<\/strong><\/mark>                                                                                                                        <strong>Formateur et conseiller en intelligence artificielle<\/strong>                                                                                                                           <em>La biblioth\u00e8que \u00e0 l&rsquo;heure des grands mod\u00e8les de langage<\/em><\/li>\n\n\n\n<li><mark style=\"background-color:#abb8c3\" class=\"has-inline-color has-three-color\">11h40 &#8211; 12h10 : M.Christophe Arnoult<\/mark>                                                                                                                                                                   <strong>Product Owner Archimed &#8211; Lille <\/strong>                                                                                                                         <em>Connexion et proximit\u00e9 : retours d\u2019exp\u00e9rience sur les attentes et les usages d\u2019un logiciel de biblioth\u00e8que<\/em><\/li>\n<\/ul>\n\n\n\n<div style=\"height:50px\" aria-hidden=\"true\" class=\"wp-block-spacer\"><\/div>\n\n\n\n<h2 class=\"wp-block-heading has-text-align-center has-medium-font-size\" style=\"border-width:3px\">12H10-14H00 : Pause d\u00e9jeuner<\/h2>\n\n\n\n<div style=\"height:50px\" aria-hidden=\"true\" class=\"wp-block-spacer\"><\/div>\n\n\n\n<h2 class=\"wp-block-heading has-medium-font-size\" style=\"border-width:3px\">Apr\u00e8s-midi<\/h2>\n\n\n\n<ul class=\"wp-block-list\">\n<li class=\"has-medium-font-size\" style=\"line-height:2\"><mark style=\"background-color:#abb8c3\" class=\"has-inline-color has-three-color\"><strong>14h00 \u2013 14h30 : M. Christian Hottin<\/strong> <\/mark>                                                                                                                                                            <strong>Conservateur en chef du patrimoine \u2013 Direction g\u00e9n\u00e9rale des patrimoines et de l\u2019architecture &#8211; Paris<\/strong>                                                                                                                                                                                            <em>Usages, usagers et utopies : la place des publics dans la Biblioth\u00e8que de France (1988-1998)<\/em><\/li>\n\n\n\n<li class=\"has-medium-font-size\" style=\"line-height:2\"><mark style=\"background-color:#abb8c3\" class=\"has-inline-color has-three-color\"><strong>14h30 \u2013 15h15 :<\/strong> <strong>M. St\u00e9phane Harmand<\/strong> <strong>&amp;<\/strong> <strong>Mme Laurence Sunyach<\/strong><\/mark>                                                           <strong>Responsable du d\u00e9partement Politique documentaire\/Responsable de la mission documentation \u00e9lectronique au SCD.<\/strong>                                                                                                                                <em>De la biblio-sph\u00e8re \u00e0 la BU <\/em><\/li>\n\n\n\n<li class=\"has-medium-font-size\" style=\"line-height:2\"><strong><mark style=\"background-color:#abb8c3\" class=\"has-inline-color has-three-color\">15h15 \u2013 15h45 :<\/mark><\/strong> <strong>Pr\u00e9sentation des projets d\u2019ann\u00e9e<\/strong> <\/li>\n\n\n\n<li class=\"has-medium-font-size\" style=\"line-height:2\"><strong><mark style=\"background-color:#abb8c3\" class=\"has-inline-color has-three-color\">15h45 \u2013 16h00 :<\/mark><\/strong> <strong>Pause Caf\u00e9<\/strong><\/li>\n\n\n\n<li class=\"has-medium-font-size\" style=\"line-height:2\"><strong><mark style=\"background-color:#abb8c3\" class=\"has-inline-color has-three-color\">16h00 \u2013 16h20 :<\/mark> Mme Marie Gr\u00e9goire<\/strong>                                                                                                                    <strong>Directrice de la Biblioth\u00e8que et Archives nationales du Qu\u00e9bec<\/strong>                                                                                     <em>S\u2019adapter ou disparaitre \u00e0 l\u2019\u00e8re de l\u2019IA ou comment l\u2019humain prend sa place \u00e0 BAnQ<\/em><\/li>\n\n\n\n<li class=\"has-medium-font-size\" style=\"line-height:2\"><strong><mark style=\"background-color:#abb8c3\" class=\"has-inline-color has-three-color\">16h35 \u2013 17h00 :<\/mark> Etudiants du Master GIDE <\/strong>                                                                                                         <em>Pr\u00e9sentation du projet EGIDE et cl\u00f4ture de la journ\u00e9e<\/em><\/li>\n<\/ul>\n<\/div><\/div>\n\n\n\n<p><\/p>\n","protected":false},"excerpt":{"rendered":"","protected":false},"author":1,"featured_media":0,"parent":0,"menu_order":0,"comment_status":"closed","ping_status":"closed","template":"","meta":{"footnotes":""},"class_list":["post-22","page","type-page","status-publish","hentry"],"_links":{"self":[{"href":"https:\/\/egide.univ-lille.fr\/index.php?rest_route=\/wp\/v2\/pages\/22","targetHints":{"allow":["GET"]}}],"collection":[{"href":"https:\/\/egide.univ-lille.fr\/index.php?rest_route=\/wp\/v2\/pages"}],"about":[{"href":"https:\/\/egide.univ-lille.fr\/index.php?rest_route=\/wp\/v2\/types\/page"}],"author":[{"embeddable":true,"href":"https:\/\/egide.univ-lille.fr\/index.php?rest_route=\/wp\/v2\/users\/1"}],"replies":[{"embeddable":true,"href":"https:\/\/egide.univ-lille.fr\/index.php?rest_route=%2Fwp%2Fv2%2Fcomments&post=22"}],"version-history":[{"count":18,"href":"https:\/\/egide.univ-lille.fr\/index.php?rest_route=\/wp\/v2\/pages\/22\/revisions"}],"predecessor-version":[{"id":969,"href":"https:\/\/egide.univ-lille.fr\/index.php?rest_route=\/wp\/v2\/pages\/22\/revisions\/969"}],"wp:attachment":[{"href":"https:\/\/egide.univ-lille.fr\/index.php?rest_route=%2Fwp%2Fv2%2Fmedia&parent=22"}],"curies":[{"name":"wp","href":"https:\/\/api.w.org\/{rel}","templated":true}]}}